{"id":153,"date":"2018-07-08T19:38:50","date_gmt":"2018-07-08T19:38:50","guid":{"rendered":"http:\/\/fahrschule-gabel.eictec.de\/?page_id=153"},"modified":"2018-07-15T18:31:23","modified_gmt":"2018-07-15T18:31:23","slug":"praxisunterricht","status":"publish","type":"page","link":"https:\/\/fahrschule-gabel.eictec.de\/?page_id=153","title":{"rendered":"Praxisunterricht"},"content":{"rendered":"<p>Die praktische Ausbildung findet in mehreren, aufeinander abgestimmten Stufen statt:<\/p>\n<ul>\n<li><strong>Grundstufe:<\/strong> es erfolgt eine Einweisung in die Bedienung des Fahrzeuges.<\/li>\n<li><strong>Aufbaustufe:<\/strong> umweltschonendes, vorausschauendes Fahren und die Blickschulung werden ge\u00fcbt.<\/li>\n<li><strong>Leistungsstufe:<\/strong> schwierige Verkehrssituationen stehen auf der Tagesordnung<\/li>\n<li><strong>Grundfahraufgaben:<\/strong> parallel zur Aufbau- und Leistungsstufe werden die verschiedenen Arten des Einparkens, das R\u00fcckw\u00e4rtsfahren, Umkehren und die Gefahrenbremsung ge\u00fcbt. Bei den Zweiradklassen werden Grundfahraufgaben wie Stop and Go, Gefahrenbremsung, Slalom und das Ausweichen ge\u00fcbt.<\/li>\n<li><strong>besondere Ausbildungsfahrten:<\/strong> dazu geh\u00f6ren die \u00dcberlandfahrten, Fahrten auf der Autobahn und Fahrten w\u00e4hrend der D\u00e4mmerung bzw. Dunkelheit.<\/li>\n<li><strong>Reife- und Teststufe:<\/strong> das selbstst\u00e4ndige und verantwortungsbewu\u00dfte Fahren wird ge\u00fcbt. Es finden Wiederholungen und die Vertiefung des Erlernten statt.<\/li>\n<\/ul>\n","protected":false},"excerpt":{"rendered":"<p>Die praktische Ausbildung findet in mehreren, aufeinander abgestimmten Stufen statt: Grundstufe: es erfolgt eine Einweisung in die Bedienung des Fahrzeuges. Aufbaustufe: umweltschonendes, vorausschauendes Fahren und die Blickschulung werden ge\u00fcbt. Leistungsstufe: schwierige Verkehrssituationen stehen auf der Tagesordnung Grundfahraufgaben: parallel zur Aufbau-&hellip; <\/p>\n","protected":false},"author":1,"featured_media":0,"parent":0,"menu_order":10,"comment_status":"closed","ping_status":"closed","template":"","meta":[],"_links":{"self":[{"href":"https:\/\/fahrschule-gabel.eictec.de\/index.php?rest_route=\/wp\/v2\/pages\/153"}],"collection":[{"href":"https:\/\/fahrschule-gabel.eictec.de\/index.php?rest_route=\/wp\/v2\/pages"}],"about":[{"href":"https:\/\/fahrschule-gabel.eictec.de\/index.php?rest_route=\/wp\/v2\/types\/page"}],"author":[{"embeddable":true,"href":"https:\/\/fahrschule-gabel.eictec.de\/index.php?rest_route=\/wp\/v2\/users\/1"}],"replies":[{"embeddable":true,"href":"https:\/\/fahrschule-gabel.eictec.de\/index.php?rest_route=%2Fwp%2Fv2%2Fcomments&post=153"}],"version-history":[{"count":5,"href":"https:\/\/fahrschule-gabel.eictec.de\/index.php?rest_route=\/wp\/v2\/pages\/153\/revisions"}],"predecessor-version":[{"id":215,"href":"https:\/\/fahrschule-gabel.eictec.de\/index.php?rest_route=\/wp\/v2\/pages\/153\/revisions\/215"}],"wp:attachment":[{"href":"https:\/\/fahrschule-gabel.eictec.de\/index.php?rest_route=%2Fwp%2Fv2%2Fmedia&parent=153"}],"curies":[{"name":"wp","href":"https:\/\/api.w.org\/{rel}","templated":true}]}}