{"id":159,"date":"2018-07-08T20:32:37","date_gmt":"2018-07-08T20:32:37","guid":{"rendered":"http:\/\/fahrschule-gabel.eictec.de\/?page_id=159"},"modified":"2018-07-11T21:56:33","modified_gmt":"2018-07-11T21:56:33","slug":"motorradausbildung-bike-to-bike","status":"publish","type":"page","link":"https:\/\/fahrschule-gabel.eictec.de\/?page_id=159","title":{"rendered":"Motorradausbildung &#8211; Bike to Bike"},"content":{"rendered":"<p>Die praktische Ausbildung in den gro\u00dfen Zweiradklassen (A1, A2 und A) findet nach M\u00f6glichkeit Bike to Bike statt. Das bedeutet, da\u00df ich Dich w\u00e4hrend einem Teil der Fahrstunden selbst auf dem Motorrad begleite und via Intercom anleite.\u00a0Dadurch habe ich unter anderem die M\u00f6glichkeit, Fahrlinien &amp; Grundfahraufgaben vorzufahren.<\/p>\n<p>Durch die Verwendung von Intercomtechnik der Marke Sena stehen wir jeder Zeit in Funkkontakt. Diese wird nat\u00fcrlich auch bei der Begleitung mit dem Pkw und auf dem \u00dcbungsplatz genutzt. So k\u00f6nnen zB. Unklarheiten bereits w\u00e4hrend der Fahrt beseitigt werden.<\/p>\n<p><img loading=\"lazy\" class=\"alignnone wp-image-166\" src=\"http:\/\/fahrschule-gabel.eictec.de\/wp-content\/uploads\/2018\/07\/Screenshot-2018-07-08-23.09.42-300x155.png\" alt=\"\" width=\"500\" height=\"258\" srcset=\"https:\/\/fahrschule-gabel.eictec.de\/wp-content\/uploads\/2018\/07\/Screenshot-2018-07-08-23.09.42-300x155.png 300w, https:\/\/fahrschule-gabel.eictec.de\/wp-content\/uploads\/2018\/07\/Screenshot-2018-07-08-23.09.42-768x397.png 768w, https:\/\/fahrschule-gabel.eictec.de\/wp-content\/uploads\/2018\/07\/Screenshot-2018-07-08-23.09.42-1024x529.png 1024w\" sizes=\"(max-width: 500px) 100vw, 500px\" \/><\/p>\n<p>Selbstverst\u00e4ndlich bekommt Ihr w\u00e4hrend der Zweiradausbildung eine komplette Motorradschutzbekleidung zur Verf\u00fcgung gestellt.<\/p>\n","protected":false},"excerpt":{"rendered":"<p>Die praktische Ausbildung in den gro\u00dfen Zweiradklassen (A1, A2 und A) findet nach M\u00f6glichkeit Bike to Bike statt. Das bedeutet, da\u00df ich Dich w\u00e4hrend einem Teil der Fahrstunden selbst auf dem Motorrad begleite und via Intercom anleite.\u00a0Dadurch habe ich unter&hellip; <\/p>\n","protected":false},"author":1,"featured_media":0,"parent":153,"menu_order":10,"comment_status":"closed","ping_status":"closed","template":"","meta":[],"_links":{"self":[{"href":"https:\/\/fahrschule-gabel.eictec.de\/index.php?rest_route=\/wp\/v2\/pages\/159"}],"collection":[{"href":"https:\/\/fahrschule-gabel.eictec.de\/index.php?rest_route=\/wp\/v2\/pages"}],"about":[{"href":"https:\/\/fahrschule-gabel.eictec.de\/index.php?rest_route=\/wp\/v2\/types\/page"}],"author":[{"embeddable":true,"href":"https:\/\/fahrschule-gabel.eictec.de\/index.php?rest_route=\/wp\/v2\/users\/1"}],"replies":[{"embeddable":true,"href":"https:\/\/fahrschule-gabel.eictec.de\/index.php?rest_route=%2Fwp%2Fv2%2Fcomments&post=159"}],"version-history":[{"count":12,"href":"https:\/\/fahrschule-gabel.eictec.de\/index.php?rest_route=\/wp\/v2\/pages\/159\/revisions"}],"predecessor-version":[{"id":202,"href":"https:\/\/fahrschule-gabel.eictec.de\/index.php?rest_route=\/wp\/v2\/pages\/159\/revisions\/202"}],"up":[{"embeddable":true,"href":"https:\/\/fahrschule-gabel.eictec.de\/index.php?rest_route=\/wp\/v2\/pages\/153"}],"wp:attachment":[{"href":"https:\/\/fahrschule-gabel.eictec.de\/index.php?rest_route=%2Fwp%2Fv2%2Fmedia&parent=159"}],"curies":[{"name":"wp","href":"https:\/\/api.w.org\/{rel}","templated":true}]}}