{"id":2,"date":"2016-05-10T03:48:21","date_gmt":"2016-05-10T03:48:21","guid":{"rendered":"http:\/\/fahrschule-gabel.eictec.de\/?page_id=2"},"modified":"2025-11-17T21:17:43","modified_gmt":"2025-11-17T21:17:43","slug":"sample-page","status":"publish","type":"page","link":"https:\/\/fahrschule-gabel.eictec.de\/","title":{"rendered":"Startseite"},"content":{"rendered":"<h3>Willkommen bei der Fahrschule Ronald Gabel in Uder!<\/h3>\n<h5><strong><br \/>N\u00e4chster Kurs (mit freien Pl\u00e4tzen): Ferien-Kurs ab 06.07.2026 bis 15.07.2026 &#8211; t\u00e4glich von 09:00-12:00 Uhr<\/strong><\/h5>\n<p>\u00a0<\/p>\n<p><span style=\"color: #ff0000;\"><strong>Anmeldung zur Fahrschule ist m\u00f6glich:<\/strong><\/span><\/p>\n<ul>\n<li style=\"list-style-type: none;\">\n<ul>\n<li>telefonisch unter: 0172 8300099<\/li>\n<li>\u00fcber WhatsApp: 0172 8300099<\/li>\n<li>oder \u00fcber das Online-Formular:<\/li>\n<\/ul>\n<\/li>\n<\/ul>\n<form style=\"padding-left: 40px;\" action=\"https:\/\/api.fahrschulmanager.de\/onlineanmeldung\/authenticate?t=oH%2BenRuJEfdHHfsX0l0oIT4DhfUvzC9YhK6Aw5jErn3c%2F5CWPST5J2WOOnRCKBW4qUNq7LTDa5xtERPQ9Ps40E7rpk2Ql6RTqae%2FJJsz7tg%3D\" method=\"POST\" target=\"_parent\"><button type=\"submit\">Zur Anmeldung &#8211; Online-Formular<\/button><\/form>\n<p>\u00a0<\/p>\n<ul>\n<li style=\"list-style-type: none;\">\n<ul>\n<li>Wir melden uns zeitnah bei Euch. Freie Pl\u00e4tze in den Kursen werden nach dem Zeitpunkt der Anmeldungen vergeben. Sollte ein Kurs in der Zwischenzeit ausgebucht sein, schlagen wir Euch den darauf folgenden Kurs vor.<\/li>\n<\/ul>\n<\/li>\n<\/ul>\n<p><strong>Theorieunterricht:\u00a0<\/strong><\/p>\n<ul>\n<li>w\u00e4hrend der Kurse jeden Dienstag und Donnerstag von 18:30 bis 20:00 Uhr<\/li>\n<li>wir bieten fortlaufende Kurse an<\/li>\n<li>Unterrichtszeiten Ferienkurs im Juli: Mo-Fr von 9:00 -12:00<\/li>\n<\/ul>\n<p><strong>Praxis:<\/strong><\/p>\n<ul>\n<li>Beginn und Ende der Fahrstunden ist in Uder an der Fahrschule, in Heiligenstadt Parkplatz Busbahnhof oder an der Honseltankstelle<\/li>\n<\/ul>\n<p>.<br \/><strong>Wichtiges auf einen Blick:<\/strong><\/p>\n<ul>\n<li>B\u00fcrozeiten: 30 Minuten vor den Unterrichtszeiten<\/li>\n<li>Unterricht w\u00e4hrend der regul\u00e4ren Kurse: jeden Dienstag und Donnerstag von 18:30 bis 20:00 Uhr\u00a0<\/li>\n<li>Unterricht w\u00e4hrend eines Ferienkurses: Montag bis Freitag von 9:00 bis 12:00 Uhr<\/li>\n<li>Ausbildung: alle F\u00fchrerscheinklassen au\u00dfer Bus und zur Zeit auch kein Lkw<\/li>\n<li>keine Kurse B96 und B196<\/li>\n<\/ul>\n<p><strong>Kontakt:<\/strong><\/p>\n<ul>\n<li>Handy: 0172 8300099<\/li>\n<li>eMail: info@fahrschule-gabel.de<\/li>\n<\/ul>\n\n\n<p><\/p>\n","protected":false},"excerpt":{"rendered":"<p>Willkommen bei der Fahrschule Ronald Gabel in Uder! N\u00e4chster Kurs (mit freien Pl\u00e4tzen): Ferien-Kurs ab 06.07.2026 bis 15.07.2026 &#8211; t\u00e4glich von 09:00-12:00 Uhr \u00a0 Anmeldung zur Fahrschule ist m\u00f6glich: telefonisch unter: 0172 8300099 \u00fcber WhatsApp: 0172 8300099 oder \u00fcber das&hellip; <\/p>\n","protected":false},"author":1,"featured_media":0,"parent":0,"menu_order":1,"comment_status":"closed","ping_status":"closed","template":"","meta":[],"_links":{"self":[{"href":"https:\/\/fahrschule-gabel.eictec.de\/index.php?rest_route=\/wp\/v2\/pages\/2"}],"collection":[{"href":"https:\/\/fahrschule-gabel.eictec.de\/index.php?rest_route=\/wp\/v2\/pages"}],"about":[{"href":"https:\/\/fahrschule-gabel.eictec.de\/index.php?rest_route=\/wp\/v2\/types\/page"}],"author":[{"embeddable":true,"href":"https:\/\/fahrschule-gabel.eictec.de\/index.php?rest_route=\/wp\/v2\/users\/1"}],"replies":[{"embeddable":true,"href":"https:\/\/fahrschule-gabel.eictec.de\/index.php?rest_route=%2Fwp%2Fv2%2Fcomments&post=2"}],"version-history":[{"count":91,"href":"https:\/\/fahrschule-gabel.eictec.de\/index.php?rest_route=\/wp\/v2\/pages\/2\/revisions"}],"predecessor-version":[{"id":876,"href":"https:\/\/fahrschule-gabel.eictec.de\/index.php?rest_route=\/wp\/v2\/pages\/2\/revisions\/876"}],"wp:attachment":[{"href":"https:\/\/fahrschule-gabel.eictec.de\/index.php?rest_route=%2Fwp%2Fv2%2Fmedia&parent=2"}],"curies":[{"name":"wp","href":"https:\/\/api.w.org\/{rel}","templated":true}]}}