{"id":30,"date":"2018-07-07T18:45:16","date_gmt":"2018-07-07T18:45:16","guid":{"rendered":"http:\/\/fahrschule-gabel.eictec.de\/?page_id=30"},"modified":"2025-07-23T17:31:44","modified_gmt":"2025-07-23T17:31:44","slug":"theoriepruefungen","status":"publish","type":"page","link":"https:\/\/fahrschule-gabel.eictec.de\/?page_id=30","title":{"rendered":"Theoriepr\u00fcfungen"},"content":{"rendered":"<p><strong>Wann finden Theoriepr\u00fcfungen statt:<\/strong><\/p>\n<ul>\n<li>jeden Donnerstag um 13, 14 und 15 Uhr (Zeit kann frei gew\u00e4hlt werden)<\/li>\n<li>ich versuche die Pr\u00fcfungen je nach Bedarf zu buchen &#8211; rechtzeitige Anmeldung bei mir ist erw\u00fcnscht<\/li>\n<\/ul>\n<p><strong>Treffpunkt:<\/strong><\/p>\n<ul>\n<li>DEKRA Pr\u00fcfraum in Heiligenstadt, Dingelst\u00e4dter Stra\u00dfe 51<\/li>\n<\/ul>\n<p><img loading=\"lazy\" class=\"alignnone wp-image-177\" src=\"http:\/\/fahrschule-gabel.eictec.de\/wp-content\/uploads\/2018\/07\/CE8787DF-E7BE-4221-A6A0-70919FEC8756-300x225.jpeg\" alt=\"\" width=\"500\" height=\"375\" srcset=\"https:\/\/fahrschule-gabel.eictec.de\/wp-content\/uploads\/2018\/07\/CE8787DF-E7BE-4221-A6A0-70919FEC8756-300x225.jpeg 300w, https:\/\/fahrschule-gabel.eictec.de\/wp-content\/uploads\/2018\/07\/CE8787DF-E7BE-4221-A6A0-70919FEC8756-768x576.jpeg 768w, https:\/\/fahrschule-gabel.eictec.de\/wp-content\/uploads\/2018\/07\/CE8787DF-E7BE-4221-A6A0-70919FEC8756-1024x768.jpeg 1024w\" sizes=\"(max-width: 500px) 100vw, 500px\" \/><\/p>\n<p><strong>Bitte beachten:<\/strong><\/p>\n<ul>\n<li>Termine zur Theoriepr\u00fcfung mindestens eine Woche vorher mit mir absprechen,<\/li>\n<li>einen Tag vor der Pr\u00fcfung noch einmal die Teilnahme per WhatsApp, SMS oder Telefon best\u00e4tigen bzw. absagen,<\/li>\n<li>zur Pr\u00fcfung ist der <strong>Ausweis<\/strong> und gegebenenfalls einen Nachweis \u00fcber die Zahlung der Pr\u00fcfgeb\u00fchr mitzubringen,<\/li>\n<li>die Pr\u00fcfgeb\u00fchr mu\u00df 5 Tage vor dem gew\u00fcnschten Termin auf dem Konto der DEKRA eingegangen sein (alle Infos dazu im Brief bzw. Mail der DEKRA)<\/li>\n<\/ul>\n","protected":false},"excerpt":{"rendered":"<p>Wann finden Theoriepr\u00fcfungen statt: jeden Donnerstag um 13, 14 und 15 Uhr (Zeit kann frei gew\u00e4hlt werden) ich versuche die Pr\u00fcfungen je nach Bedarf zu buchen &#8211; rechtzeitige Anmeldung bei mir ist erw\u00fcnscht Treffpunkt: DEKRA Pr\u00fcfraum in Heiligenstadt, Dingelst\u00e4dter Stra\u00dfe&hellip; <\/p>\n","protected":false},"author":1,"featured_media":0,"parent":0,"menu_order":3,"comment_status":"closed","ping_status":"closed","template":"","meta":[],"_links":{"self":[{"href":"https:\/\/fahrschule-gabel.eictec.de\/index.php?rest_route=\/wp\/v2\/pages\/30"}],"collection":[{"href":"https:\/\/fahrschule-gabel.eictec.de\/index.php?rest_route=\/wp\/v2\/pages"}],"about":[{"href":"https:\/\/fahrschule-gabel.eictec.de\/index.php?rest_route=\/wp\/v2\/types\/page"}],"author":[{"embeddable":true,"href":"https:\/\/fahrschule-gabel.eictec.de\/index.php?rest_route=\/wp\/v2\/users\/1"}],"replies":[{"embeddable":true,"href":"https:\/\/fahrschule-gabel.eictec.de\/index.php?rest_route=%2Fwp%2Fv2%2Fcomments&post=30"}],"version-history":[{"count":131,"href":"https:\/\/fahrschule-gabel.eictec.de\/index.php?rest_route=\/wp\/v2\/pages\/30\/revisions"}],"predecessor-version":[{"id":860,"href":"https:\/\/fahrschule-gabel.eictec.de\/index.php?rest_route=\/wp\/v2\/pages\/30\/revisions\/860"}],"wp:attachment":[{"href":"https:\/\/fahrschule-gabel.eictec.de\/index.php?rest_route=%2Fwp%2Fv2%2Fmedia&parent=30"}],"curies":[{"name":"wp","href":"https:\/\/api.w.org\/{rel}","templated":true}]}}